{"id":612,"date":"2025-03-24T11:02:50","date_gmt":"2025-03-24T11:02:50","guid":{"rendered":"http:\/\/shop.trittsiegel.de\/?post_type=product&#038;p=612"},"modified":"2025-12-23T13:15:29","modified_gmt":"2025-12-23T13:15:29","slug":"0101-plakat-tropy-europy-edycja-polska","status":"publish","type":"product","link":"http:\/\/shop.trittsiegel.de\/en\/product\/0101-plakat-tropy-europy-edycja-polska\/","title":{"rendered":"ZP-001PL-Europa, Plakat &#8222;Tropy Europy&#8220; 50 x 70 cm, edycja Polska"},"content":{"rendered":"<p class=\"EinfacherAbsatz\">Proponujemy polskie wydanie naszych plakat\u00f3w o \u015bladach zwierzat<\/p>\n<p>Jest to niezwyk\u0142ego plakatu w formacie 50 cm x 70 cm. &#8222;Tropy Europy&#8220;.<\/p>\n<p class=\"EinfacherAbsatz\">Proponujemy polskie wydanie naszego plakatu o \u015bladach zwierz\u0105t.<\/p>\n<p>Wszystkie nazwy zwierz\u0105t w j\u0119zykach: polskim , angielskim i \u0142aci\u0144skim oraz skal\u0119 do okre\u015blenia rozmiaru odcisk\u00f3w \u0142ap.<\/p>\n<p>Plakat nadaje si\u0119 idealnie dla fachowc\u00f3w i pasjonat\u00f3w natury.<\/p>\n<p>W cenie zam\u00f3wienia znajduje si\u0119 r\u00f3wnie\u017c cena opakowania, VAT i wysy\u0142ka tylko na terenie Polski..<\/p>\n<p>Dostawa odbywa si\u0119 po uiszczeniu zap\u0142aty na nasze konto.<\/p>","protected":false},"excerpt":{"rendered":"<p>Proponujemy polskie wydanie naszych plakat\u00f3w o \u015bladach zwierzat Jest to niezwyk\u0142ego plakatu w formacie 50 cm x 70 cm. &#8222;Tropy Europy&#8220;. Proponujemy polskie wydanie naszego plakatu o \u015bladach zwierz\u0105t. Wszystkie nazwy zwierz\u0105t w j\u0119zykach: polskim , angielskim i \u0142aci\u0144skim oraz skal\u0119 do okre\u015blenia rozmiaru odcisk\u00f3w \u0142ap. Plakat nadaje si\u0119 idealnie dla fachowc\u00f3w i pasjonat\u00f3w natury. [&hellip;]<\/p>\n","protected":false},"featured_media":614,"comment_status":"closed","ping_status":"closed","template":"","meta":[],"product_brand":[],"product_cat":[346,16,163],"product_tag":[285],"class_list":{"0":"post-612","1":"product","2":"type-product","3":"status-publish","4":"has-post-thumbnail","6":"product_cat-plakat-tropy-zwierzat","7":"product_cat-vektor-grafik-archiv","8":"product_cat-trittsiegel-tafel","9":"product_tag-plakat-tropy-europy","11":"first","12":"instock","13":"taxable","14":"shipping-taxable","15":"purchasable","16":"product-type-simple"},"_links":{"self":[{"href":"http:\/\/shop.trittsiegel.de\/en\/wp-json\/wp\/v2\/product\/612","targetHints":{"allow":["GET"]}}],"collection":[{"href":"http:\/\/shop.trittsiegel.de\/en\/wp-json\/wp\/v2\/product"}],"about":[{"href":"http:\/\/shop.trittsiegel.de\/en\/wp-json\/wp\/v2\/types\/product"}],"replies":[{"embeddable":true,"href":"http:\/\/shop.trittsiegel.de\/en\/wp-json\/wp\/v2\/comments?post=612"}],"wp:featuredmedia":[{"embeddable":true,"href":"http:\/\/shop.trittsiegel.de\/en\/wp-json\/wp\/v2\/media\/614"}],"wp:attachment":[{"href":"http:\/\/shop.trittsiegel.de\/en\/wp-json\/wp\/v2\/media?parent=612"}],"wp:term":[{"taxonomy":"product_brand","embeddable":true,"href":"http:\/\/shop.trittsiegel.de\/en\/wp-json\/wp\/v2\/product_brand?post=612"},{"taxonomy":"product_cat","embeddable":true,"href":"http:\/\/shop.trittsiegel.de\/en\/wp-json\/wp\/v2\/product_cat?post=612"},{"taxonomy":"product_tag","embeddable":true,"href":"http:\/\/shop.trittsiegel.de\/en\/wp-json\/wp\/v2\/product_tag?post=612"}],"curies":[{"name":"wp","href":"https:\/\/api.w.org\/{rel}","templated":true}]}}