{"id":602,"date":"2025-03-16T23:15:23","date_gmt":"2025-03-16T23:15:23","guid":{"rendered":"http:\/\/shop.trittsiegel.de\/?post_type=product&#038;p=602"},"modified":"2025-12-23T13:18:18","modified_gmt":"2025-12-23T13:18:18","slug":"plakat-trittsiegel-welt-verbreitungstafel","status":"publish","type":"product","link":"http:\/\/shop.trittsiegel.de\/en\/product\/plakat-trittsiegel-welt-verbreitungstafel\/","title":{"rendered":"ZP-001DE-Welt, Poster 50&#215;70 cm, &#8222;Trittsiegel Welt&#8220;, Deutsche Version"},"content":{"rendered":"<p style=\"margin: .1pt 0cm .1pt 0cm;\">Ein au\u00dfergew\u00f6hnlicher Wandposter\u00a0 (Trittsiegel Welt), Deutsche Version<\/p>\n<p>in Gr\u00f6\u00dfe 50 cm x 70 cm,\u00a0 mit Fu\u00dfabdr\u00fccken von interessanten Tierarten aus verschiedenen Kontinenten an.<\/p>\n<p style=\"margin: .1pt 0cm .1pt 0cm;\">Diese Verbreitungstafel (Trittsiegel Welt)\u00a0 ist ideal f\u00fcr Tierliebhaber und Fachleute, zB. Tier\u00e4rzte, &#8211; heime etc..<\/p>\n<p style=\"margin: .1pt 0cm .1pt 0cm;\">Zu jedem Tier gibts Namen im Deutsch, Englisch und Latein wie auch einen einen Ma\u00dfstab um die Trittsiegelgr\u00f6\u00dfe zu bestimmen.<\/p>\n<p style=\"margin: .1pt 0cm .1pt 0cm;\">Diese Tafeln sind jeweils auch einzeln oder als Doppelpack (Welt und Europa) zu erwerben.<\/p>\n<p style=\"margin: .1pt 0cm .1pt 0cm;\">Bei Versand per DHL werden zzgl. Verpackung (Kartontube) wie aktuelle Versandgeb\u00fchren berechnet.<\/p>\n<p>Mengenerabatte auf Anfrage.<\/p>","protected":false},"excerpt":{"rendered":"<p style=\"margin: .1pt 0cm .1pt 0cm;\">Ein Plakat 50&#215;70 cm mit verschieden Fu\u00dfabdr\u00fccken von Europ\u00e4ischen Tieren.<\/p>\n<p style=\"margin: .1pt 0cm .1pt 0cm;\">Im inkl. 3,00 EUR stabille Versandtube<\/p>\n<p style=\"margin: .1pt 0cm .1pt 0cm;\">DHL Porto 8,17 EUR<\/p>\n<p style=\"margin: .1pt 0cm .1pt 0cm;\">Alle Preise Brutto.<\/p>\n<p>&nbsp;<\/p>","protected":false},"featured_media":599,"comment_status":"closed","ping_status":"closed","template":"","meta":[],"product_brand":[],"product_cat":[16,163],"product_tag":[283,282,284],"class_list":{"0":"post-602","1":"product","2":"type-product","3":"status-publish","4":"has-post-thumbnail","6":"product_cat-vektor-grafik-archiv","7":"product_cat-trittsiegel-tafel","8":"product_tag-plakate","9":"product_tag-poster","10":"product_tag-vorschautafel","12":"first","13":"instock","14":"taxable","15":"shipping-taxable","16":"purchasable","17":"product-type-simple"},"_links":{"self":[{"href":"http:\/\/shop.trittsiegel.de\/en\/wp-json\/wp\/v2\/product\/602","targetHints":{"allow":["GET"]}}],"collection":[{"href":"http:\/\/shop.trittsiegel.de\/en\/wp-json\/wp\/v2\/product"}],"about":[{"href":"http:\/\/shop.trittsiegel.de\/en\/wp-json\/wp\/v2\/types\/product"}],"replies":[{"embeddable":true,"href":"http:\/\/shop.trittsiegel.de\/en\/wp-json\/wp\/v2\/comments?post=602"}],"wp:featuredmedia":[{"embeddable":true,"href":"http:\/\/shop.trittsiegel.de\/en\/wp-json\/wp\/v2\/media\/599"}],"wp:attachment":[{"href":"http:\/\/shop.trittsiegel.de\/en\/wp-json\/wp\/v2\/media?parent=602"}],"wp:term":[{"taxonomy":"product_brand","embeddable":true,"href":"http:\/\/shop.trittsiegel.de\/en\/wp-json\/wp\/v2\/product_brand?post=602"},{"taxonomy":"product_cat","embeddable":true,"href":"http:\/\/shop.trittsiegel.de\/en\/wp-json\/wp\/v2\/product_cat?post=602"},{"taxonomy":"product_tag","embeddable":true,"href":"http:\/\/shop.trittsiegel.de\/en\/wp-json\/wp\/v2\/product_tag?post=602"}],"curies":[{"name":"wp","href":"https:\/\/api.w.org\/{rel}","templated":true}]}}