{"id":3,"date":"2022-06-09T12:57:37","date_gmt":"2022-06-09T12:57:37","guid":{"rendered":"http:\/\/shop.trittsiegel.de\/?page_id=3"},"modified":"2024-08-18T18:05:34","modified_gmt":"2024-08-18T18:05:34","slug":"privacy-policy","status":"publish","type":"page","link":"http:\/\/shop.trittsiegel.de\/en\/privacy-policy\/","title":{"rendered":"Terms and Conditions"},"content":{"rendered":"<h2 class=\"wp-block-heading\"><\/h2>\n\n\n\n<p>\u201eTrittsiegel\u201c, Vektorgrafik-Archiv mit Tierspuren<\/p>\n\n\n\n<h2 class=\"wp-block-heading\"><\/h2>\n\n\n\n<h3 class=\"wp-block-heading\">\u00a7 1. Geltung<\/h3>\n\n\n\n<p>Nachfolgende Gesch\u00e4ftsbedingungen gelten f\u00fcr den Verkauf der erstellten Grafiken der Datenbank &#8222;Trittsiegel\u201c und der entsprechenden Gesch\u00e4ftbeziehungen sowie f\u00fcr den Inhalt der Websites www.trittsiegel.de, eu durch den folgend aufgef\u00fchrten Anbieter: <\/p>\n\n\n\n<p>pd-Graphik, Inhaber ArturPiestricow, Geislinger Str. 32, D-70327 Stuttgart<\/p>\n\n\n\n<p><br>Abweichende, engegestehende oder erg\u00e4nzende AGB\u2019s werden, selbst bei Kenntnis, nicht Vertragsbestandteil, es sei denn, ihrer Geltung wird ausdr\u00fccklich schriftlich zugestimmt.<br>&nbsp;<\/p>\n\n\n\n<h3 class=\"wp-block-heading\">\u00a7 2. Copyright und Urheberschutz<\/h3>\n\n\n\n<p>Das Copyright bezieht sich auch auf den Inhalt der Websites und auf die Datenbank \u201eSpuren der Tiere\/Trittsiegel\u201c.<br>Inhalt und Grafiken sind somit durch Urheberrechtsgesetze, internationale Urheberrechts-Bestimmungen und entsprechende Rechte auf geistiges Eigentum gesch\u00fctzt. Das Eigentum und Urheberrecht an dieser Website und an der digitalisierten Form der Daten liegen beim Urheber,der Firma pd-Graphik, Stuttgart.<br><br>Mit dem Erwerb der Grafiken r\u00e4umt die Firma pd-Graphik dem K\u00e4ufer das einfache,<br>nicht \u00fcbertragbare Nutzungsrecht an den Dateien ein.<br>Weitergehende und gewerbliche Nutzung, sowie Vervielf\u00e4ltigung und Ver\u00f6ffentlichung bedarf der vorherigen, schriflichen Zustimmung der Firma pd-Graphik. Diese Zustimmung geht einher mit einem Sondernutzungshonorar zu Lasten des K\u00e4ufers.<br>Sowohl Versto\u00df gegen das Urheber- und Wettbewerbsrecht wird sowohl zivil- als auch strafrechtlich verfolgt.<br>&nbsp;<\/p>\n\n\n\n<h3 class=\"wp-block-heading\">\u00a7 3. Preise<\/h3>\n\n\n\n<p>Die Lieferung per E-Mail ist Kostenlos.<br>Bei vereinbarter Lieferung per Datentr\u00e4ger versteht sich der Preis zuz\u00fcglich der Verpackungs- und Versandkosten.<br>Je nach Rechnungswert belaufen sich die Vesandkosten zwischen EUR 1,50 und 3,00 pro Sendung.<br>Bei Vertragsschluss gelten die aktuellen Preise. Unabh\u00e4ngig hiervon beh\u00e4lt sich die Firma pd-Graphik jederzeit Preis\u00e4nderungen vor.<br>&nbsp;<\/p>\n\n\n\n<h3 class=\"wp-block-heading\">\u00a7 4. Angebot \/ Vertragsschluss \/ Zahlungsbedingungen<\/h3>\n\n\n\n<p>Unsere Angebote sind freibleibend und unverbindlich. Das gilt auch hinsichtlich der Preisangaben.<br>Die Bestellung durch K\u00e4ufer erfolgt online. Hierzu ist das in unserer Internetseite (www.trittsiegel.de, eu) integrierte Bestellformular vollst\u00e4ndig auszuf\u00fchlen. Mit der Bestellung erkl\u00e4rt Kunde verbindlich, die bestellte Ware\/Software erwerben zu wollen.<br>Bei Onlineverk\u00e4ufen muss der K\u00e4ufer innerhalb der 14 Tagen per Vorkasse durch \u00dcberweisung auf das angegebene Konto der Fa. pd-Graphik begleichen. Erfolgt innerhalb von 14 Tagen nach der Bestellung kein Geldeingang, gilt die Bestellung automatisch als nichtig.<br><br>Die pd-Graphik ist berechtigt, das in der Bestellung liegende Vertragsangebot anzunehmen. Die Annahme des Vertragsgebotes erfolgt mit Vorbehalt der benannten Kaufpreiszahlung per Vorkasse durch den K\u00e4ufer entweder durch ein E-Mail an die angegebene Adresse oder durch Lieferung der Ware.<br>&nbsp;<\/p>\n\n\n\n<h3 class=\"wp-block-heading\">\u00a7 5. Lieferbedingungen \/ Gefahr\u00fcbergang<\/h3>\n\n\n\n<p>Die Lieferung erfolgt, wenn nicht anderes vereinbart wurde, innerhalb von 3 Arbeitstagen nach<br>Zahlungseingang des Kaufpreises auf dem Konto der Fa. pd-Graphik, in der Regel per Internet an die angegebene Adresse des K\u00e4ufers.<br>Die Rechnung wird mit der Datenlieferung gestellt. Auf Wunsch und nach entsprechender vertraglicher<br>Vereinbarung werden die Daten auf Datentr\u00e4gern versendet. Die Lieferung erfolgt in beiden F\u00e4llen zu Lasten und auf Gefahr des K\u00e4ufers.<br>Ist der K\u00e4ufer Unternehmer, so geht die Gefahr des zuf\u00e4lligen Untergangs und der zuf\u00e4lligen Verschlechterung der Ware mit der \u00dcbergabe,<br>beim Versandkauf mit der Auslieferung der Sache an Spediteur, den Frachtf\u00fchrer oder die sonst zur Ausf\u00fchrung der Versendung bestimmten Person oder Anstalt,<br>auf den Kunden \u00fcber. Ist der Kunde Verbraucher, so geht die Gefahr des zuf\u00e4lligen Untergangs und der zuf\u00e4lligen Verschlechterung der Ware mit der \u00dcbergabe,<br>beim Versandkauf mit der Auslieferung der Sache an den Spediteur,<br>den Frachtf\u00fchrer oder die sonst zur Ausf\u00fchrung der Versendung bestimmten Person oder Anstalt, auf den Kunden \u00fcber.<br>Der \u00dcbergabe steht es gleich, wenn der Verbraucher in Verzug mit der Annahme der verkauften Sache ist.<br>&nbsp;<\/p>\n\n\n\n<h3 class=\"wp-block-heading\">\u00a7 6. Widerrufsbelehrung<\/h3>\n\n\n\n<p>Grunds\u00e4tzlich steht dem Kunde, der als Verbraucher unter ausschlie\u00dflicher Verwendung von Fernkommunikationsmitteln bestellt, ein Widerrufsrecht zu.<br>Dies kann ohne Angabe von Gr\u00fcnden innerhalb von zwei Wochen schriftlich oder durch R\u00fccksendung der Ware erfolgen. Dieser Widerruf ist ausgeschlossen bei Leistungen, die online (z.B. \u00dcbermittlung per E-Mail oder Software zum Download) \u00fcbermittelt worden sind. Ferner ist das Widerrufsrecht ausgeschlossen, sobald die Verpackung der gelieferten Datentr\u00e4ger ge\u00f6ffnet oder entfernt oder die Software vom K\u00e4ufer entsiegelt wurde.<br>&nbsp;<\/p>\n\n\n\n<h3 class=\"wp-block-heading\">\u00a7 7. M\u00e4ngelhaftung<\/h3>\n\n\n\n<p>Der K\u00e4ufer hat die Ware umgehend nach Empfang der Lieferung auf Vollst\u00e4ndigkeit und etwaige M\u00e4ngel zu \u00fcberpr\u00fcfen. Erkennbare M\u00e4ngel sind innerhalb von 14 Tage nach Empfang der Lieferung schriftlich zu r\u00fcgen. Der K\u00e4ufer hat Anspruch auf Nacherf\u00fcllung. Kommt die Fa. pd-Graphik ihren Pflichten nicht innerhalb der einer angemessenen Frist, mindestens 14 Tage, nach, so kann der K\u00e4ufer den Auftragstornieren oder eine Preisminderung verlangen. Die Haftung besteht nicht, wenn der Mangel durch unsachgem\u00e4\u00dfe Bedienung oder Behandlung der Ware durch den K\u00e4ufer entsteht bzw. entstanden ist. Bei Betriebsst\u00f6rungen im eigenen oder im fremden Betrieben oder im Falle h\u00f6her Gewalt k\u00f6nnen die Vertragsparteien sofort und einseitig unter schriftlicher Mitteilung vom Vertrag zur\u00fccktreten. Im \u00fcbrigen ist aus Sicherheitsgr\u00fcnden ein Umtausch oder eine R\u00fcckerstattung nur m\u00f6glich, wenn die bestellten Daten noch nicht versendet wurden.<br>&nbsp;<\/p>\n\n\n\n<h3 class=\"wp-block-heading\">\u00a7 8. Haftungsbeschr\u00e4nkung<\/h3>\n\n\n\n<p>Der K\u00e4ufer haftet gleich aus welchem Rechtgrund nur bei Vorsatz oder grober Fahrl\u00e4ssigkeit, mit Ausnahme der Verletzungen von Leben, K\u00f6rper und Gesundheit des Kunden. Bei leicht fahrl\u00e4ssiger Pflichtverletzung beschr\u00e4nkt sich die Haftung auf den nach der Art der Ware vorhersehbaren, vertragstypischen, unmittelbaren Durschnittsschaden. Eine Haftung nach dem Produkthaftungsgesetz oder anderer zwingender Haftungsnormen bleibt hiervon unber\u00fchrt. F\u00fcr die Richtigkeit und Vollst\u00e4ndigkeit von Datenst\u00e4nden wird keine Gew\u00e4hr \u00fcbernommen. Bei Nichtbefolgung unserer Benutzungsanleitung bzw. bei Ver\u00e4nderungen unserer Produkte besteht ebenfalls keine Gew\u00e4hr.<br>&nbsp;<\/p>\n\n\n\n<h3 class=\"wp-block-heading\">\u00a7 9. Kommission<\/h3>\n\n\n\n<p>Kommissionslieferungen erfolgen nur an Kunden, mit denen eine entsprechende schriftliche Vereinbarung getroffen wurde.<br>&nbsp;<\/p>\n\n\n\n<h3 class=\"wp-block-heading\">\u00a7 10. Schriftform<\/h3>\n\n\n\n<p>\u00c4nderungen und Abweichungen von den Bestimmungen bed\u00fcrfen der Schriftform.<br>&nbsp;<\/p>\n\n\n\n<h3 class=\"wp-block-heading\">\u00a7 11. Haftung f\u00fcr Links<\/h3>\n\n\n\n<p>Mit dem Urteil vom 12. September 1999 \u2013 312 O 85\/99 \u2013Haftung f\u00fcr Links\u2013 hat das Landgericht Hamburg entschieden, dass man durch Ausbringung von Links die Inhalte der gelinken Seite ggfs. Mit zu verantworten hat. Dieses kann &#8211; so das LG Hamburg \u2013 nur dadurch verhindert werden, indem man sich ausdr\u00fccklich von diesen Inhalten distanziert. Hiermit distanzieren wir uns ausdr\u00fccklich von allen Inhalten verlinkter Seiten oder Grafiken und machen uns diese keinesfalls zu eigen. S\u00e4mtliche verst\u00f6\u00dfe gegen geltendes Recht, Sitte oder Moral, welche uns bekannt werden, haben sofortige L\u00f6schung von Links, Eintr\u00e4gen, Grafiken oder \u00e4hnlichen zur Folge.<br>&nbsp;<\/p>\n\n\n\n<h3 class=\"wp-block-heading\">\u00a7 12. Datenschutz<\/h3>\n\n\n\n<p>Wir verwenden modernste Technologie zur Verschl\u00fcsselung Ihrer gesamten pers\u00f6nlichen Daten wie Kreditkartennummer, Bankleitzahl, Kontonummern, Name, Adresse. Diese Informationen k\u00f6nnen durch unsere sichere 128 bit Verschl\u00fcsselungstechnik bei der \u00dcbertragung nicht von Dritten gelesen werden. Wir verwenden alle Informationen nur f\u00fcr den Zweck, Ihre Bestellung auszuf\u00fchren und Ihnen einen bequemen Einkauf zu erm\u00f6glichen. Wenn Sie eine Bestellung aufgeben, werden Ihr Name, Ihre E-Mail Adresse, Ihre Versandadresse ben\u00f6tigt bzw. Ihre Kreditkartenummer und das Ablaufdatum der Kreditkarte. So k\u00f6nnen wir Ihren Auftrag bearbeiten und ausf\u00fchren. Wir stellen Ihre Daten nicht Dritten zur Nutzung zur Verf\u00fcgung und sch\u00fctzen die privaten Daten, die Sie uns \u00fcbermitteln. Der Kunde ist \u00fcber Art, Umfang, Ort, Zweck der Erhebung, Verarbeitung und Nutzung ausf\u00fchrlich unterrichtet worden. Der Kunde stimmt diese Erhebung, Verarbeitung und Nutzung personenbezogener Daten ausdr\u00fccklich zu.<br>&nbsp;<\/p>\n\n\n\n<h3 class=\"wp-block-heading\">\u00a7 13. Erf\u00fcllungsort \/ Gerichtsstand<\/h3>\n\n\n\n<p>Erf\u00fcllungsort und Gerichtsstand ist Stuttgart. Ist der Kunde Kaufmann, juristische Person des \u00f6ffentlichen Rechts oder \u00f6ffentlich-rechtliches Sonderverm\u00f6gen, ist der ausschlie\u00dfliche Gerichtsstand f\u00fcr alle Streitigkeiten aus diesem Vertrag der Gesch\u00e4ftsitz des Verwenders: Stuttgart. Dasselbe gilt, wenn der Kunde keinen allgemeinen Gerichtsstand in der Bundesrepublik Deutschland hat oder der Wohnsitz oder gew\u00f6hnliche Aufenthalt im Zeitpunkt der Klageerhebung nicht bekannt ist. Es gilt das Recht der Bundesrepublik Deutschland. Die Bestimmungen des UN-Kaufrechts finden keine Anwendung, ausgenommen der internationalen Urheberrechtsgesetze.<br>&nbsp;<\/p>\n\n\n\n<h3 class=\"wp-block-heading\">\u00a7 14. Salvatorische Klausel<\/h3>\n\n\n\n<p>Sollten einzelne Bestimmungen des Vertrages und der Allgemeinen Gesch\u00e4ftsbedingungen ganz oder teilweise unwirksam sein oder werden, so wird hierdurch die Wirksamkeit der \u00fcbrigen Bestimmungen nicht ber\u00fchrt. Die ganz oder teilweise unwirksame Regelung soll durch eine Bestimmung ersetzt werden, deren wirtschaftlicher Erfolg dem der unwirksamen Regelung m\u00f6glich nahe kommt. Im Falle einer Regelungsl\u00fccke werden die Parteien eine Regelung treffen, die dem nach dem gesamten Vertragsinhalt erkennbaren Parteiwillen zur Durchsetzung verhilft.<br><br>Stuttgart,\u00a0\u00a02024<\/p>\n\n\n\n<h2 class=\"wp-block-heading\"><\/h2>","protected":false},"excerpt":{"rendered":"<p>\u201eTrittsiegel\u201c, Vektorgrafik-Archiv mit Tierspuren \u00a7 1. Geltung Nachfolgende Gesch\u00e4ftsbedingungen gelten f\u00fcr den Verkauf der erstellten Grafiken der Datenbank &#8222;Trittsiegel\u201c und der entsprechenden Gesch\u00e4ftbeziehungen sowie f\u00fcr den Inhalt der Websites www.trittsiegel.de, eu durch den folgend aufgef\u00fchrten Anbieter: pd-Graphik, Inhaber ArturPiestricow, Geislinger Str. 32, D-70327 Stuttgart Abweichende, engegestehende oder erg\u00e4nzende AGB\u2019s werden, selbst bei Kenntnis, nicht Vertragsbestandteil, [&hellip;]<\/p>\n","protected":false},"author":1,"featured_media":0,"parent":0,"menu_order":8,"comment_status":"closed","ping_status":"open","template":"","meta":{"footnotes":""},"class_list":["post-3","page","type-page","status-publish","hentry"],"_links":{"self":[{"href":"http:\/\/shop.trittsiegel.de\/en\/wp-json\/wp\/v2\/pages\/3","targetHints":{"allow":["GET"]}}],"collection":[{"href":"http:\/\/shop.trittsiegel.de\/en\/wp-json\/wp\/v2\/pages"}],"about":[{"href":"http:\/\/shop.trittsiegel.de\/en\/wp-json\/wp\/v2\/types\/page"}],"author":[{"embeddable":true,"href":"http:\/\/shop.trittsiegel.de\/en\/wp-json\/wp\/v2\/users\/1"}],"replies":[{"embeddable":true,"href":"http:\/\/shop.trittsiegel.de\/en\/wp-json\/wp\/v2\/comments?post=3"}],"version-history":[{"count":11,"href":"http:\/\/shop.trittsiegel.de\/en\/wp-json\/wp\/v2\/pages\/3\/revisions"}],"predecessor-version":[{"id":558,"href":"http:\/\/shop.trittsiegel.de\/en\/wp-json\/wp\/v2\/pages\/3\/revisions\/558"}],"wp:attachment":[{"href":"http:\/\/shop.trittsiegel.de\/en\/wp-json\/wp\/v2\/media?parent=3"}],"curies":[{"name":"wp","href":"https:\/\/api.w.org\/{rel}","templated":true}]}}